{"id":412,"date":"2023-04-24T11:50:48","date_gmt":"2023-04-24T11:50:48","guid":{"rendered":"https:\/\/sscompany.net\/politika-privatnosti\/"},"modified":"2023-10-13T10:09:56","modified_gmt":"2023-10-13T10:09:56","slug":"privacy-policy","status":"publish","type":"page","link":"https:\/\/sscompany.net\/en\/privacy-policy\/","title":{"rendered":"Privacy policy"},"content":{"rendered":"\n<p>Na\u0161a adresa veb mesta je:&nbsp;<a href=\"https:\/\/sscompany.net\/en\/\" data-type=\"URL\" data-id=\"https:\/\/sscompany.net\/en\/\">https:\/\/sscompany.net\/<\/a><\/p>\n\n\n\n<h2 class=\"wp-block-heading\">Komentari<\/h2>\n\n\n\n<p>Kada posetioci ostave komentare na internet stranici, prikupljaju se podaci sme\u0161teni u obrascu za komentare kao i IP adresa.<\/p>\n\n\n\n<p>Anonimni he\u0161 podatak napravljen od va\u0161e e-mail adrese mo\u017ee biti dostavljen usluzi Gravatar kako bi se proverilo da li je koristite. Politika privatnosti usluge Gravatar dostupna je ovde:&nbsp;https:\/\/automattic.com\/privacy\/. Nakon odobrenja komentara, va\u0161a profilna slika bi\u0107e vidljiva javnosti.<\/p>\n\n\n\n<h2 class=\"wp-block-heading\">Sadr\u017eaj<\/h2>\n\n\n\n<p>Ukoliko postavljate slike na internet stranicu, trebalo bi da izbegavate kori\u0161\u0107enje slika koje sadr\u017ee podatke o lokaciji (EXIF GPS). Posetioci veb stranice mogu da preuzmu i koriste podatke o lokaciji sa pomenutih fotografija.<\/p>\n\n\n\n<h2 class=\"wp-block-heading\">Kola\u010di\u0107i<\/h2>\n\n\n\n<p>Ukoliko ostavite komentar na na\u0161oj internet stranici, niste u obavezi da ostavite svoje ime, adresu e-po\u0161te i internet stranice u kola\u010di\u0107ima. Oni se koriste zbog va\u0161e udobnosti kako ne biste ponovo popunjavali va\u0161e detalje kada ostavite drugi komentar. Ovi kola\u010di\u0107i traju godinu dana.<\/p>\n\n\n\n<p>Ukoliko posetite na\u0161u stranicu za prijavljivanje, postavi\u0107emo privremeni kola\u010di\u0107 za odre\u0111ivanje da li va\u0161 internet pretra\u017eiva\u010d prihvata kola\u010di\u0107e. Ovaj kola\u010di\u0107 ne sadr\u017ei li\u010dne podatke i odbacuje se nakon va\u0161eg zatvaranja pregleda\u010da veba.<\/p>\n\n\n\n<p>Kada se prijavite, tako\u0111e \u0107emo postaviti nekoliko kola\u010di\u0107a da bismo sa\u010duvali va\u0161e informacije prijavljivanja i va\u0161e izbore prikaza ekrana. Kola\u010di\u0107i prijavljivanja traju dva dana, a kola\u010di\u0107i pode\u0161avanja ekrana traju godinu dana. Ukoliko izaberete \u201cZapamti me\u201d, va\u0161a prijava \u0107e trajati dve sedmice. Ukoliko se odjavite sa svog naloga, kola\u010di\u0107i vezani za prijavljivanje bi\u0107e uklonjeni.<\/p>\n\n\n\n<p>Kada uredite ili objavite \u010dlanak, dodatni kola\u010di\u0107 \u0107e biti sa\u010duvan u va\u0161em internet pretra\u017eiva\u010du. Ovaj kola\u010di\u0107 ne uklju\u010duje li\u010dne podatke i samo odre\u0111uje ID \u010dlanka koji ure\u0111ujete. Isti\u010de nakon jednog dana.<\/p>\n\n\n\n<h2 class=\"wp-block-heading\">Povezani sadr\u017eaji sa drugih internet stranica<\/h2>\n\n\n\n<p>\u010clanci na ovom veb mestu mogu da sadr\u017ee povezani (linkovani) sadr\u017eaj (npr. video snimke, slike, \u010dlanke itd). Ovakav sadr\u017eaj se pona\u0161a na potpuno isti na\u010din kao da ste posetili drugu internet stranicu.<\/p>\n\n\n\n<h2 class=\"wp-block-heading\">Kako delimo va\u0161e podatke<\/h2>\n\n\n\n<p>Ako zatra\u017eite resetovanje lozinke, va\u0161a IP adresa \u0107e biti uklju\u010dena u e-po\u0161tu resetovanja.<\/p>\n\n\n\n<h2 class=\"wp-block-heading\">Koliko dugo \u010duvamo va\u0161e podatke<\/h2>\n\n\n\n<p>Ukoliko ostavite komentar, taj komentar i njegovi meta-podaci se \u010duvaju neograni\u010deno kako bismo prepoznali i automatski odobrili komentare po\u0161to ste podatke ranije dostavili. Za korisnike koji se registruju na na\u0161u internet stranicu \u010duvamo li\u010dne informacije koje dostave u svom korisni\u010dkom profilu. Svi korisnici mogu da vide, urede ili obri\u0161u svoje li\u010dne podatke (osim korisni\u010dkog imena). Administrator internet stranice mo\u017ee da vidi i po potrebi uredi te informacije.<\/p>\n\n\n\n<h2 class=\"wp-block-heading\">Koja prava imate u odnosu na va\u0161e podatke<\/h2>\n\n\n\n<p>Ukoliko se registrujete ili ostavite komentar na ovoj internet stranici, mo\u017eete da zahtevate da Vam se dostavi datoteka sa li\u010dnim podacima ili da uputite zahtev za njihovo brisanje. Ova aktivnost ne uklju\u010duje podatke koje smo u obavezi da \u010duvamo zbog administrativnih, pravnih ili bezbednosnih razloga.<\/p>\n\n\n\n<h2 class=\"wp-block-heading\">Gde \u0161aljemo va\u0161e podatke<\/h2>\n\n\n\n<p>Komentari posetilaca mogu da budu provereni kroz usluge automatskog prepoznavanja blokiranih i nepo\u017eeljnih korisnika.<\/p>\n","protected":false},"excerpt":{"rendered":"<p>Na\u0161a adresa veb mesta je:&nbsp;https:\/\/sscompany.net\/ Komentari Kada posetioci ostave komentare na internet stranici, prikupljaju se podaci sme\u0161teni u obrascu za komentare kao i IP adresa. Anonimni he\u0161 podatak napravljen od va\u0161e e-mail adrese mo\u017ee biti dostavljen usluzi Gravatar kako bi se proverilo da li je koristite. Politika privatnosti usluge Gravatar dostupna je ovde:&nbsp;https:\/\/automattic.com\/privacy\/. Nakon odobrenja [&hellip;]<\/p>\n","protected":false},"author":1,"featured_media":0,"parent":0,"menu_order":0,"comment_status":"closed","ping_status":"closed","template":"template-privacy-policy.php","meta":{"inline_featured_image":false,"footnotes":""},"class_list":["post-412","page","type-page","status-publish","hentry"],"acf":[],"_links":{"self":[{"href":"https:\/\/sscompany.net\/en\/wp-json\/wp\/v2\/pages\/412","targetHints":{"allow":["GET"]}}],"collection":[{"href":"https:\/\/sscompany.net\/en\/wp-json\/wp\/v2\/pages"}],"about":[{"href":"https:\/\/sscompany.net\/en\/wp-json\/wp\/v2\/types\/page"}],"author":[{"embeddable":true,"href":"https:\/\/sscompany.net\/en\/wp-json\/wp\/v2\/users\/1"}],"replies":[{"embeddable":true,"href":"https:\/\/sscompany.net\/en\/wp-json\/wp\/v2\/comments?post=412"}],"version-history":[{"count":1,"href":"https:\/\/sscompany.net\/en\/wp-json\/wp\/v2\/pages\/412\/revisions"}],"predecessor-version":[{"id":419,"href":"https:\/\/sscompany.net\/en\/wp-json\/wp\/v2\/pages\/412\/revisions\/419"}],"wp:attachment":[{"href":"https:\/\/sscompany.net\/en\/wp-json\/wp\/v2\/media?parent=412"}],"curies":[{"name":"wp","href":"https:\/\/api.w.org\/{rel}","templated":true}]}}